{"id":7,"date":"2015-06-17T12:42:01","date_gmt":"2015-06-17T12:42:01","guid":{"rendered":"http:\/\/demos.artbees.net\/jupiter5\/dia\/?page_id=7"},"modified":"2025-08-20T19:12:01","modified_gmt":"2025-08-20T19:12:01","slug":"about-us","status":"publish","type":"page","link":"https:\/\/www.alberguebuensamaritano.com\/index.php\/about-us\/","title":{"rendered":"Nosotros"},"content":{"rendered":"[mk_page_section layout_structure=\u00bbhalf_right\u00bb bg_image=\u00bbhttp:\/\/184.154.128.195\/~alberguebuen\/wp-content\/uploads\/2018\/04\/me.jpg\u00bb bg_color=\u00bb#f2f2f2&#8243; min_height=\u00bb0&#8243; padding_top=\u00bb120&#8243; padding_bottom=\u00bb120&#8243;][vc_column width=\u00bb1\/2&#8243;][mk_fancy_title color=\u00bb#9f6048&#8243; size=\u00bb48&#8243; font_weight=\u00bbbold\u00bb txt_transform=\u00bbcapitalize\u00bb font_family=\u00bbRaleway\u00bb font_type=\u00bbgoogle\u00bb]MISI\u00d3N[\/mk_fancy_title][mk_custom_list style=\u00bbe26a\u00bb]<strong>LA FUNDACI\u00d3N ALBERGUE EL BUEN SAMARITANO<\/strong> tiene como misi\u00f3n acoger, atender y orientar a los ancianos abandonados y limitados f\u00edsicos de las regiones donde ha llegado la comunidad, brind\u00e1ndoles una mejor calidad de vida, al suministrarles vivienda, alimento, vestuario y salud, actividades que se desarrollan gracias a la generosidad de personas y entidades que nos brindan su apoyo para el desarrollo de nuestra labor social.[\/mk_custom_list][\/vc_column][vc_column width=\u00bb1\/2&#8243;][\/vc_column][\/mk_page_section][mk_page_section layout_structure=\u00bbhalf_left\u00bb bg_image=\u00bbhttp:\/\/184.154.128.195\/~alberguebuen\/wp-content\/uploads\/2018\/04\/nosotrol.jpg\u00bb bg_color=\u00bb#f2f2f2&#8243; min_height=\u00bb0&#8243; full_width=\u00bbtrue\u00bb padding_top=\u00bb120&#8243; padding_bottom=\u00bb120&#8243;][vc_column width=\u00bb1\/2&#8243;][\/vc_column][vc_column width=\u00bb1\/2&#8243;][mk_fancy_title color=\u00bb#9f6048&#8243; size=\u00bb48&#8243; font_weight=\u00bbbold\u00bb txt_transform=\u00bbcapitalize\u00bb font_family=\u00bbRaleway\u00bb font_type=\u00bbgoogle\u00bb]VISI\u00d3N[\/mk_fancy_title][vc_column_text disable_pattern=\u00bbfalse\u00bb css=\u00bb.vc_custom_1524242969383{margin-bottom: 0px !important;}\u00bb]<strong>LA FUNDACI\u00d3N ALBERGUE EL BUEN SAMARITANO<\/strong> pretende ser a mediano plazo un modelo a nivel nacional en la atenci\u00f3n, orientaci\u00f3n y ayuda con los ancianos abandonados y limitados f\u00edsicos del territorio colombiano, en busca del mejoramiento de su calidad de vida.[\/vc_column_text][\/vc_column][\/mk_page_section]\n","protected":false},"excerpt":{"rendered":"<p>[mk_page_section layout_structure=\u00bbhalf_right\u00bb bg_image=\u00bbhttp:\/\/184.154.128.195\/~alberguebuen\/wp-content\/uploads\/2018\/04\/me.jpg\u00bb bg_color=\u00bb#f2f2f2&#8243; min_height=\u00bb0&#8243; padding_top=\u00bb120&#8243; padding_bottom=\u00bb120&#8243;][vc_column width=\u00bb1\/2&#8243;][mk_fancy_title color=\u00bb#9f6048&#8243; size=\u00bb48&#8243; font_weight=\u00bbbold\u00bb txt_transform=\u00bbcapitalize\u00bb font_family=\u00bbRaleway\u00bb font_type=\u00bbgoogle\u00bb]MISI\u00d3N[\/mk_fancy_title][mk_custom_list style=\u00bbe26a\u00bb]LA FUNDACI\u00d3N ALBERGUE EL BUEN SAMARITANO tiene como misi\u00f3n acoger, atender y orientar a los ancianos abandonados y limitados f\u00edsicos de las regiones donde ha llegado la comunidad, brind\u00e1ndoles una mejor calidad de vida, al suministrarles vivienda, alimento, vestuario y salud, [&hellip;]<\/p>\n","protected":false},"author":2,"featured_media":0,"parent":0,"menu_order":0,"comment_status":"closed","ping_status":"open","template":"","meta":{"footnotes":""},"class_list":["post-7","page","type-page","status-publish","hentry"],"_links":{"self":[{"href":"https:\/\/www.alberguebuensamaritano.com\/index.php\/wp-json\/wp\/v2\/pages\/7","targetHints":{"allow":["GET"]}}],"collection":[{"href":"https:\/\/www.alberguebuensamaritano.com\/index.php\/wp-json\/wp\/v2\/pages"}],"about":[{"href":"https:\/\/www.alberguebuensamaritano.com\/index.php\/wp-json\/wp\/v2\/types\/page"}],"author":[{"embeddable":true,"href":"https:\/\/www.alberguebuensamaritano.com\/index.php\/wp-json\/wp\/v2\/users\/2"}],"replies":[{"embeddable":true,"href":"https:\/\/www.alberguebuensamaritano.com\/index.php\/wp-json\/wp\/v2\/comments?post=7"}],"version-history":[{"count":6,"href":"https:\/\/www.alberguebuensamaritano.com\/index.php\/wp-json\/wp\/v2\/pages\/7\/revisions"}],"predecessor-version":[{"id":5871,"href":"https:\/\/www.alberguebuensamaritano.com\/index.php\/wp-json\/wp\/v2\/pages\/7\/revisions\/5871"}],"wp:attachment":[{"href":"https:\/\/www.alberguebuensamaritano.com\/index.php\/wp-json\/wp\/v2\/media?parent=7"}],"curies":[{"name":"wp","href":"https:\/\/api.w.org\/{rel}","templated":true}]}}