{"id":5792,"date":"2018-04-20T22:10:33","date_gmt":"2018-04-20T22:10:33","guid":{"rendered":"http:\/\/184.154.128.195\/~alberguebuen\/index.php\/services-copy\/"},"modified":"2025-08-20T19:12:01","modified_gmt":"2025-08-20T19:12:01","slug":"donaciones","status":"publish","type":"page","link":"https:\/\/www.alberguebuensamaritano.com\/index.php\/donaciones\/","title":{"rendered":"Donaciones"},"content":{"rendered":"<div class=\"wpb-content-wrapper\">[mk_page_section bg_image=\u00bbhttp:\/\/www.alberguebuensamaritano.com\/wp-content\/uploads\/2020\/07\/dona-1-1.jpg\u00bb attachment=\u00bbfixed\u00bb bg_repeat=\u00bbno-repeat\u00bb bg_stretch=\u00bbtrue\u00bb video_color_mask=\u00bbrgba(56,56,56,0.53)\u00bb video_opacity=\u00bb0.8&#8243; min_height=\u00bb0&#8243; padding_top=\u00bb100&#8243; padding_bottom=\u00bb100&#8243; sidebar=\u00bbsidebar-1&#8243;][vc_column][mk_fancy_title color=\u00bb#ffffff\u00bb size=\u00bb53&#8243; font_weight=\u00bb500&#8243; txt_transform=\u00bbcapitalize\u00bb margin_bottom=\u00bb0&#8243; font_family=\u00bbnone\u00bb align=\u00bbcenter\u00bb]CON TU VALIOSO APORTE PUEDES AYUDAR<br \/>\nA M\u00c1S ANCIANOS ABANDONADOS EN<br \/>\nCOLOMBIA[\/mk_fancy_title][\/vc_column][\/mk_page_section][mk_page_section layout_structure=\u00bbhalf_right\u00bb bg_image=\u00bbhttp:\/\/www.alberguebuensamaritano.com\/wp-content\/uploads\/2020\/07\/12.jpg\u00bb bg_color=\u00bb#f2f2f2&#8243; min_height=\u00bb0&#8243; full_width=\u00bbtrue\u00bb padding_top=\u00bb120&#8243; padding_bottom=\u00bb100&#8243;][vc_column css=\u00bb.vc_custom_1437058428643{padding-right: 0px !important;padding-left: 0px !important;}\u00bb][mk_fancy_title color=\u00bb#9f6048&#8243; size=\u00bb48&#8243; font_weight=\u00bbbold\u00bb txt_transform=\u00bbcapitalize\u00bb font_family=\u00bbRaleway\u00bb font_type=\u00bbgoogle\u00bb]Donaciones econ\u00f3micas[\/mk_fancy_title][vc_column_text disable_pattern=\u00bbfalse\u00bb css=\u00bb.vc_custom_1524329626060{margin-bottom: 0px !important;}\u00bb]Si desea apoyar nuestro programa. Protecci\u00f3n de los abuelos en condiciones de vulnerabilidad puede hacerlo a trav\u00e9s de nuestra cuenta bancaria #26503208538 del BANCO CAJA SOCIAL, CUENTA DE AHORROS. FUNDACI\u00d3N ALBERGUE EL BUEN SAMARITANO[\/vc_column_text][\/vc_column][\/mk_page_section][mk_page_section layout_structure=\u00bbhalf_left\u00bb bg_image=\u00bbhttp:\/\/www.alberguebuensamaritano.com\/wp-content\/uploads\/2020\/07\/dsc02873.jpg\u00bb bg_color=\u00bb#f2f2f2&#8243; min_height=\u00bb0&#8243; full_width=\u00bbtrue\u00bb padding_top=\u00bb120&#8243; padding_bottom=\u00bb100&#8243;][vc_column css=\u00bb.vc_custom_1437058188556{padding-right: 0px !important;padding-left: 0px !important;}\u00bb][vc_row_inner][vc_column_inner][mk_fancy_title color=\u00bb#9f6048&#8243; size=\u00bb48&#8243; font_weight=\u00bbbold\u00bb txt_transform=\u00bbcapitalize\u00bb font_family=\u00bbRaleway\u00bb font_type=\u00bbgoogle\u00bb]Donaciones materiales[\/mk_fancy_title][\/vc_column_inner][\/vc_row_inner][vc_column_text disable_pattern=\u00bbfalse\u00bb css=\u00bb.vc_custom_1524502731737{margin-bottom: 0px !important;}\u00bb]Las ayudas materiales son igual de importantes como las econ\u00f3micas por eso si usted desea ayudarnos con utensilios de aseo, alimentos, medicamentos y ropa, comunicate con nosotros a trav\u00e9s de nuestro formulario de contacto.[\/vc_column_text][mk_button dimension=\u00bbflat\u00bb corner_style=\u00bbrounded\u00bb icon=\u00bbmk-icon-chevron-right\u00bb url=\u00bbhttp:\/\/www.alberguebuensamaritano.com\/index.php\/contacto\/\u00bb margin_top=\u00bb20&#8243; bg_color=\u00bb#9f6048&#8243; btn_hover_bg=\u00bbrgba(159,96,72,0.84)\u00bb]Contacto[\/mk_button][\/vc_column][\/mk_page_section]\n<\/div>","protected":false},"excerpt":{"rendered":"<p>[mk_page_section bg_image=\u00bbhttp:\/\/www.alberguebuensamaritano.com\/wp-content\/uploads\/2020\/07\/dona-1-1.jpg\u00bb attachment=\u00bbfixed\u00bb bg_repeat=\u00bbno-repeat\u00bb bg_stretch=\u00bbtrue\u00bb video_color_mask=\u00bbrgba(56,56,56,0.53)\u00bb video_opacity=\u00bb0.8&#8243; min_height=\u00bb0&#8243; padding_top=\u00bb100&#8243; padding_bottom=\u00bb100&#8243; sidebar=\u00bbsidebar-1&#8243;][vc_column][mk_fancy_title color=\u00bb#ffffff\u00bb size=\u00bb53&#8243; font_weight=\u00bb500&#8243; txt_transform=\u00bbcapitalize\u00bb margin_bottom=\u00bb0&#8243; font_family=\u00bbnone\u00bb align=\u00bbcenter\u00bb]CON TU VALIOSO APORTE PUEDES AYUDAR A M\u00c1S ANCIANOS ABANDONADOS EN COLOMBIA[\/mk_fancy_title][\/vc_column][\/mk_page_section][mk_page_section layout_structure=\u00bbhalf_right\u00bb bg_image=\u00bbhttp:\/\/www.alberguebuensamaritano.com\/wp-content\/uploads\/2020\/07\/12.jpg\u00bb bg_color=\u00bb#f2f2f2&#8243; min_height=\u00bb0&#8243; full_width=\u00bbtrue\u00bb padding_top=\u00bb120&#8243; padding_bottom=\u00bb100&#8243;][vc_column css=\u00bb.vc_custom_1437058428643{padding-right: 0px !important;padding-left: 0px !important;}\u00bb][mk_fancy_title color=\u00bb#9f6048&#8243; size=\u00bb48&#8243; font_weight=\u00bbbold\u00bb txt_transform=\u00bbcapitalize\u00bb font_family=\u00bbRaleway\u00bb font_type=\u00bbgoogle\u00bb]Donaciones econ\u00f3micas[\/mk_fancy_title][vc_column_text disable_pattern=\u00bbfalse\u00bb css=\u00bb.vc_custom_1524329626060{margin-bottom: 0px !important;}\u00bb]Si desea apoyar nuestro [&hellip;]<\/p>\n","protected":false},"author":2,"featured_media":0,"parent":0,"menu_order":0,"comment_status":"closed","ping_status":"open","template":"","meta":{"footnotes":""},"class_list":["post-5792","page","type-page","status-publish","hentry"],"_links":{"self":[{"href":"https:\/\/www.alberguebuensamaritano.com\/index.php\/wp-json\/wp\/v2\/pages\/5792","targetHints":{"allow":["GET"]}}],"collection":[{"href":"https:\/\/www.alberguebuensamaritano.com\/index.php\/wp-json\/wp\/v2\/pages"}],"about":[{"href":"https:\/\/www.alberguebuensamaritano.com\/index.php\/wp-json\/wp\/v2\/types\/page"}],"author":[{"embeddable":true,"href":"https:\/\/www.alberguebuensamaritano.com\/index.php\/wp-json\/wp\/v2\/users\/2"}],"replies":[{"embeddable":true,"href":"https:\/\/www.alberguebuensamaritano.com\/index.php\/wp-json\/wp\/v2\/comments?post=5792"}],"version-history":[{"count":12,"href":"https:\/\/www.alberguebuensamaritano.com\/index.php\/wp-json\/wp\/v2\/pages\/5792\/revisions"}],"predecessor-version":[{"id":6070,"href":"https:\/\/www.alberguebuensamaritano.com\/index.php\/wp-json\/wp\/v2\/pages\/5792\/revisions\/6070"}],"wp:attachment":[{"href":"https:\/\/www.alberguebuensamaritano.com\/index.php\/wp-json\/wp\/v2\/media?parent=5792"}],"curies":[{"name":"wp","href":"https:\/\/api.w.org\/{rel}","templated":true}]}}