{"id":5,"date":"2015-06-17T12:39:32","date_gmt":"2015-06-17T12:39:32","guid":{"rendered":"http:\/\/demos.artbees.net\/jupiter5\/dia\/?page_id=5"},"modified":"2025-08-20T19:12:01","modified_gmt":"2025-08-20T19:12:01","slug":"home","status":"publish","type":"page","link":"https:\/\/www.alberguebuensamaritano.com\/","title":{"rendered":"Home"},"content":{"rendered":"<div class=\"wpb-content-wrapper\">[vc_row fullwidth=\u00bbtrue\u00bb][vc_column]\n\t\t\t<!-- START home REVOLUTION SLIDER 6.7.36 --><p class=\"rs-p-wp-fix\"><\/p>\n\t\t\t<rs-module-wrap id=\"rev_slider_1_1_wrapper\" data-source=\"gallery\" style=\"visibility:hidden;background:transparent;padding:0;margin:0px auto;margin-top:0;margin-bottom:0;\">\n\t\t\t\t<rs-module id=\"rev_slider_1_1\" style=\"\" data-version=\"6.7.36\">\n\t\t\t\t\t<rs-slides style=\"overflow: hidden; position: absolute;\">\n\t\t\t\t\t\t<rs-slide style=\"position: absolute;\" data-key=\"rs-2\" data-title=\"Slide\" data-thumb=\"\/\/www.alberguebuensamaritano.com\/wp-content\/uploads\/2020\/07\/capa-4-100x50.jpg\" data-anim=\"adpr:false;\">\n\t\t\t\t\t\t\t<img decoding=\"async\" src=\"\/\/www.alberguebuensamaritano.com\/wp-content\/plugins\/revslider\/sr6\/assets\/assets\/dummy.png\" alt=\"\" title=\"Home\" class=\"rev-slidebg tp-rs-img rs-lazyload\" data-lazyload=\"\/\/www.alberguebuensamaritano.com\/wp-content\/uploads\/2020\/07\/capa-4.jpg\" data-no-retina>\n<!---->\t\t\t\t\t<\/rs-slide>\n\t\t\t\t\t\t<rs-slide style=\"position: absolute;\" data-key=\"rs-6\" data-title=\"Slide\" data-thumb=\"\/\/www.alberguebuensamaritano.com\/wp-content\/uploads\/2018\/04\/12-1-100x50.jpg\" data-anim=\"adpr:false;\">\n\t\t\t\t\t\t\t<img decoding=\"async\" src=\"\/\/www.alberguebuensamaritano.com\/wp-content\/plugins\/revslider\/sr6\/assets\/assets\/dummy.png\" alt=\"\" title=\"Home\" class=\"rev-slidebg tp-rs-img rs-lazyload\" data-lazyload=\"\/\/www.alberguebuensamaritano.com\/wp-content\/uploads\/2018\/04\/12-1.jpg\" data-no-retina>\n<!--\n\t\t\t\t\t\t\t--><rs-layer\n\t\t\t\t\t\t\t\tid=\"slider-1-slide-6-layer-1\" \n\t\t\t\t\t\t\t\tdata-type=\"text\"\n\t\t\t\t\t\t\t\tdata-color=\"#ffffff\"\n\t\t\t\t\t\t\t\tdata-rsp_ch=\"on\"\n\t\t\t\t\t\t\t\tdata-xy=\"x:c;xo:-245px;y:461px;\"\n\t\t\t\t\t\t\t\tdata-text=\"s:80;l:89;fw:700;a:inherit;\"\n\t\t\t\t\t\t\t\tdata-frame_0=\"tp:600;\"\n\t\t\t\t\t\t\t\tdata-frame_1=\"tp:600;st:0;\"\n\t\t\t\t\t\t\t\tdata-frame_999=\"o:0;tp:600;st:w;sR:8700.0003051758;\"\n\t\t\t\t\t\t\t\tstyle=\"z-index:5;font-family:'Open Sans';\"\n\t\t\t\t\t\t\t>En el anciano y el indigente<br> hallaremos a un Dios escondido \n\t\t\t\t\t\t\t<\/rs-layer><!--\n\n\t\t\t\t\t\t\t--><rs-layer\n\t\t\t\t\t\t\t\tid=\"slider-1-slide-6-layer-2\" \n\t\t\t\t\t\t\t\tdata-type=\"text\"\n\t\t\t\t\t\t\t\tdata-color=\"#ffffff\"\n\t\t\t\t\t\t\t\tdata-rsp_ch=\"on\"\n\t\t\t\t\t\t\t\tdata-xy=\"x:104px;y:646px;\"\n\t\t\t\t\t\t\t\tdata-text=\"s:30;l:22;fw:600;a:inherit;\"\n\t\t\t\t\t\t\t\tdata-frame_0=\"tp:600;\"\n\t\t\t\t\t\t\t\tdata-frame_1=\"tp:600;st:0;\"\n\t\t\t\t\t\t\t\tdata-frame_999=\"o:0;tp:600;st:w;sR:8700.0003051758;\"\n\t\t\t\t\t\t\t\tstyle=\"z-index:6;font-family:'Open Sans';\"\n\t\t\t\t\t\t\t>Padre fundador \n\t\t\t\t\t\t\t<\/rs-layer><!--\n-->\t\t\t\t\t<\/rs-slide>\n\t\t\t\t\t\t<rs-slide style=\"position: absolute;\" data-key=\"rs-3\" data-title=\"Slide\" data-thumb=\"\/\/www.alberguebuensamaritano.com\/wp-content\/uploads\/2018\/04\/banner2-100x50.jpg\" data-anim=\"adpr:false;\">\n\t\t\t\t\t\t\t<img decoding=\"async\" src=\"\/\/www.alberguebuensamaritano.com\/wp-content\/plugins\/revslider\/sr6\/assets\/assets\/dummy.png\" alt=\"\" title=\"Home\" class=\"rev-slidebg tp-rs-img rs-lazyload\" data-lazyload=\"\/\/www.alberguebuensamaritano.com\/wp-content\/uploads\/2018\/04\/banner2.jpg\" data-no-retina>\n<!--\n\t\t\t\t\t\t\t--><rs-layer\n\t\t\t\t\t\t\t\tid=\"slider-1-slide-3-layer-1\" \n\t\t\t\t\t\t\t\tdata-type=\"text\"\n\t\t\t\t\t\t\t\tdata-color=\"#ffffff\"\n\t\t\t\t\t\t\t\tdata-rsp_ch=\"on\"\n\t\t\t\t\t\t\t\tdata-xy=\"x:96px;y:c;\"\n\t\t\t\t\t\t\t\tdata-text=\"s:80;l:80;fw:700;a:inherit;\"\n\t\t\t\t\t\t\t\tdata-frame_0=\"tp:600;\"\n\t\t\t\t\t\t\t\tdata-frame_1=\"tp:600;st:0;\"\n\t\t\t\t\t\t\t\tdata-frame_999=\"o:0;tp:600;st:w;sR:8700;\"\n\t\t\t\t\t\t\t\tstyle=\"z-index:5;font-family:'Open Sans';\"\n\t\t\t\t\t\t\t>Renovaci\u00f3n\ndel albergue \n\t\t\t\t\t\t\t<\/rs-layer><!--\n-->\t\t\t\t\t<\/rs-slide>\n\t\t\t\t\t\t<rs-slide style=\"position: absolute;\" data-key=\"rs-1\" data-title=\"Slide\" data-thumb=\"\/\/www.alberguebuensamaritano.com\/wp-content\/uploads\/2018\/04\/1-26-100x50.jpg\" data-anim=\"adpr:false;\">\n\t\t\t\t\t\t\t<img decoding=\"async\" src=\"\/\/www.alberguebuensamaritano.com\/wp-content\/plugins\/revslider\/sr6\/assets\/assets\/dummy.png\" alt=\"\" title=\"Home\" class=\"rev-slidebg tp-rs-img rs-lazyload\" data-lazyload=\"\/\/www.alberguebuensamaritano.com\/wp-content\/uploads\/2018\/04\/1-26.jpg\" data-no-retina>\n<!---->\t\t\t\t\t<\/rs-slide>\n\t\t\t\t\t<\/rs-slides>\n\t\t\t\t<\/rs-module>\n\t\t\t\t<script>\n\t\t\t\t\tsetREVStartSize({c: 'rev_slider_1_1',rl:[1240,1024,778,480],el:[],gw:[1900],gh:[970],type:'standard',justify:'',layout:'fullwidth',mh:\"0\"});if (window.RS_MODULES!==undefined && window.RS_MODULES.modules!==undefined && window.RS_MODULES.modules[\"revslider11\"]!==undefined) {window.RS_MODULES.modules[\"revslider11\"].once = false;window.revapi1 = undefined;if (window.RS_MODULES.checkMinimal!==undefined) window.RS_MODULES.checkMinimal()}\n\t\t\t\t<\/script>\n\t\t\t<\/rs-module-wrap>\n\t\t\t<!-- END REVOLUTION SLIDER -->\n[\/vc_column][\/vc_row][vc_row fullwidth=\u00bbtrue\u00bb css=\u00bb.vc_custom_1595687519735{background-image: url(http:\/\/www.alberguebuensamaritano.com\/wp-content\/uploads\/2020\/07\/capa-6.jpg?id=6035) !important;background-position: center !important;background-repeat: no-repeat !important;background-size: cover !important;}\u00bb el_class=\u00bbblog\u00bb][vc_column][mk_padding_divider size=\u00bb130&#8243;][vc_row_inner is_fullwidth_content=\u00bbfalse\u00bb el_class=\u00bbprogramas\u00bb][vc_column_inner width=\u00bb1\/3&#8243; css=\u00bb.vc_custom_1595686861094{background-color: #ffffff !important;}\u00bb][mk_padding_divider][vc_single_image image=\u00bb5807&#8243; alignment=\u00bbcenter\u00bb style=\u00bbvc_box_circle_2&#8243;][vc_column_text css=\u00bb.vc_custom_1595687734944{margin-bottom: 0px !important;}\u00bb]\n<h3 style=\"text-align: center; color: #000!important;\"><strong>Programas<\/strong><\/h3>\n[\/vc_column_text][vc_column_text css=\u00bb.vc_custom_1595687012024{margin-bottom: 0px !important;}\u00bb]\n<p style=\"text-align: center;\">La fundaci\u00f3n albergue el buen samaritano desempe\u00f1a programas como lo son la protecci\u00f3n de los derechos de los abuelos y las personas en vulnerabilidad.<\/p>\n[\/vc_column_text][mk_button corner_style=\u00bbfull_rounded\u00bb size=\u00bbmedium\u00bb url=\u00bbhttp:\/\/www.alberguebuensamaritano.com\/index.php\/programas\/\u00bb align=\u00bbcenter\u00bb]Ver m\u00e1s[\/mk_button][mk_padding_divider][\/vc_column_inner][vc_column_inner width=\u00bb1\/3&#8243; css=\u00bb.vc_custom_1595687203746{background-color: #ffffff !important;}\u00bb][mk_padding_divider][vc_single_image image=\u00bb5806&#8243; alignment=\u00bbcenter\u00bb style=\u00bbvc_box_circle_2&#8243;][vc_column_text css=\u00bb.vc_custom_1595687749005{margin-bottom: 0px !important;}\u00bb]\n<h3 style=\"text-align: center; color: #000!important;\"><strong>Actividades<\/strong><\/h3>\n[\/vc_column_text][vc_column_text css=\u00bb.vc_custom_1595687631597{margin-bottom: 0px !important;}\u00bb]\n<p style=\"text-align: center;\">Los abuelos realizan actividades de matricida fina, movilidad articular, juegos de mesa, con la participaci\u00f3n de fisioterapeutas del imder cada viernes.<\/p>\n[\/vc_column_text][mk_button corner_style=\u00bbfull_rounded\u00bb size=\u00bbmedium\u00bb url=\u00bbhttp:\/\/www.alberguebuensamaritano.com\/index.php\/programas\/\u00bb align=\u00bbcenter\u00bb]Ver m\u00e1s[\/mk_button][mk_padding_divider][\/vc_column_inner][vc_column_inner width=\u00bb1\/3&#8243;][\/vc_column_inner][\/vc_row_inner][mk_padding_divider size=\u00bb130&#8243;][\/vc_column][\/vc_row][vc_row css=\u00bb.vc_custom_1595692310259{padding-top: 60px !important;padding-bottom: 60px !important;}\u00bb][vc_column width=\u00bb1\/2&#8243;][vc_single_image image=\u00bb6043&#8243; img_size=\u00bbfull\u00bb alignment=\u00bbright\u00bb el_class=\u00bbnosotros-home\u00bb][\/vc_column][vc_column width=\u00bb1\/2&#8243;][mk_title_box color=\u00bb#000000&#8243; size=\u00bb30&#8243; font_weight=\u00bb600&#8243; font_family=\u00bbnone\u00bb align=\u00bbcenter\u00bb]\n<p style=\"text-align: left; font-size: 43px!important;\">FUNDACI\u00d3N ALBERGUE EL BUEN SAMARITANO<\/p>\n[\/mk_title_box][vc_column_text css=\u00bb.vc_custom_1595690586952{margin-bottom: 0px !important;}\u00bb]\n<p style=\"text-align: justify; font-size: 17px;\">La fundaci\u00f3n fue fundada por el padre Jose Hernando Palacio Marin el 13 de agosto de 1998 y constituida como persona jur\u00eddica\u00a0el 20 de mayo de 1999 en la c\u00e1mara de comercio. Tiene como misi\u00f3n acoger, atender y orientar a los ancianos abandonados y limitados f\u00edsicos de las regiones donde ha llegado la comunidad, brind\u00e1ndoles una mejor calidad de vida.<\/p>\n[\/vc_column_text][mk_button dimension=\u00bbflat\u00bb size=\u00bblarge\u00bb url=\u00bbhttp:\/\/www.alberguebuensamaritano.com\/index.php\/about-us\/\u00bb align=\u00bbright\u00bb margin_bottom=\u00bb13&#8243; bg_color=\u00bb#f98a8f\u00bb btn_hover_bg=\u00bb#9e6c58&#8243;]Conoce m\u00e1s[\/mk_button][\/vc_column][\/vc_row][vc_row][vc_column][rev_slider_vc alias=\u00bbdonaciones\u00bb][\/vc_column][\/vc_row]\n<\/div>","protected":false},"excerpt":{"rendered":"<p>[vc_row fullwidth=\u00bbtrue\u00bb][vc_column][\/vc_column][\/vc_row][vc_row fullwidth=\u00bbtrue\u00bb css=\u00bb.vc_custom_1595687519735{background-image: url(http:\/\/www.alberguebuensamaritano.com\/wp-content\/uploads\/2020\/07\/capa-6.jpg?id=6035) !important;background-position: center !important;background-repeat: no-repeat !important;background-size: cover !important;}\u00bb el_class=\u00bbblog\u00bb][vc_column][mk_padding_divider size=\u00bb130&#8243;][vc_row_inner is_fullwidth_content=\u00bbfalse\u00bb el_class=\u00bbprogramas\u00bb][vc_column_inner width=\u00bb1\/3&#8243; css=\u00bb.vc_custom_1595686861094{background-color: #ffffff !important;}\u00bb][mk_padding_divider][vc_single_image image=\u00bb5807&#8243; alignment=\u00bbcenter\u00bb style=\u00bbvc_box_circle_2&#8243;][vc_column_text css=\u00bb.vc_custom_1595687734944{margin-bottom: 0px !important;}\u00bb] Programas [\/vc_column_text][vc_column_text css=\u00bb.vc_custom_1595687012024{margin-bottom: 0px !important;}\u00bb] La fundaci\u00f3n albergue el buen samaritano desempe\u00f1a programas como lo son la protecci\u00f3n de los derechos de los abuelos y las personas en vulnerabilidad. [&hellip;]<\/p>\n","protected":false},"author":2,"featured_media":0,"parent":0,"menu_order":0,"comment_status":"closed","ping_status":"open","template":"","meta":{"footnotes":""},"class_list":["post-5","page","type-page","status-publish","hentry"],"_links":{"self":[{"href":"https:\/\/www.alberguebuensamaritano.com\/index.php\/wp-json\/wp\/v2\/pages\/5","targetHints":{"allow":["GET"]}}],"collection":[{"href":"https:\/\/www.alberguebuensamaritano.com\/index.php\/wp-json\/wp\/v2\/pages"}],"about":[{"href":"https:\/\/www.alberguebuensamaritano.com\/index.php\/wp-json\/wp\/v2\/types\/page"}],"author":[{"embeddable":true,"href":"https:\/\/www.alberguebuensamaritano.com\/index.php\/wp-json\/wp\/v2\/users\/2"}],"replies":[{"embeddable":true,"href":"https:\/\/www.alberguebuensamaritano.com\/index.php\/wp-json\/wp\/v2\/comments?post=5"}],"version-history":[{"count":30,"href":"https:\/\/www.alberguebuensamaritano.com\/index.php\/wp-json\/wp\/v2\/pages\/5\/revisions"}],"predecessor-version":[{"id":6052,"href":"https:\/\/www.alberguebuensamaritano.com\/index.php\/wp-json\/wp\/v2\/pages\/5\/revisions\/6052"}],"wp:attachment":[{"href":"https:\/\/www.alberguebuensamaritano.com\/index.php\/wp-json\/wp\/v2\/media?parent=5"}],"curies":[{"name":"wp","href":"https:\/\/api.w.org\/{rel}","templated":true}]}}